{"id":898,"date":"2023-08-24T07:58:38","date_gmt":"2023-08-24T07:58:38","guid":{"rendered":"https:\/\/www.alentejotransfers.com\/politica-de-privacidade\/"},"modified":"2026-01-20T18:05:34","modified_gmt":"2026-01-20T18:05:34","slug":"politica-de-privacidad","status":"publish","type":"page","link":"https:\/\/www.alentejotransfers.com\/es\/politica-de-privacidad\/","title":{"rendered":"Pol\u00edtica de privacidad"},"content":{"rendered":"<!--themify_builder_content-->\n<div id=\"themify_builder_content-898\" data-postid=\"898\" class=\"themify_builder_content themify_builder_content-898 themify_builder tf_clear\">\n    \t\t\t\t<!-- module_row -->\n\t\t<div  data-parallax-bg=\"desktop\" data-lazy=\"1\" class=\"module_row themify_builder_row wrapblock1 tb_m6m2754 tb_first tf_w tf_clearfix\">\n\t\t<div class=\"builder_row_cover tf_abs\"><\/div>\t\t\t<div class=\"row_inner col_align_top tb_col_count_1 tf_box tf_rel\">\n\t\t\t\t\t<div  data-lazy=\"1\" class=\"module_column tb-column col-full tb_fw77755 first\">\n\t\t\t\t\t\t\t\t\t<div class=\"tb-column-inner tf_box tf_w\">\n\t\t\t\t<!-- module fancy heading -->\n<div  class=\"module module-fancy-heading tb_lzwa504 \" data-lazy=\"1\">\n\t    <h1 class=\"fancy-heading tf_textc\">\n    <span class=\"main-head tf_block\">\n\t\t\t\t\tPol\u00edtica de privacidad\t\t    <\/span>\n\n\t\t\t<span class=\"tb_fancy_heading_icon_wrap tf_block\">\n\t\t\t<span class=\"tb_fancy_heading_border tf_rel\"><\/span>\t\t\t<span class=\"tb_fancy_heading_icon\">\n\t\t\t\t\t\t\t\t\t<em style=\"color: #ffffff\"><svg  class=\"tf_fa tf-ti-more-alt\" aria-hidden=\"true\"><use href=\"#tf-ti-more-alt\"><\/use><\/svg><\/em>\n\t\t\t\t\t\t\t<\/span>\n\t\t\t<span class=\"tb_fancy_heading_border tf_rel\"><\/span>\t\t<\/span>\n\t\n    <span class=\"sub-head tf_block tf_rel\">\n\t\t\t\t\t\t\t    <\/span>\n    <\/h1>\n<\/div>\n<!-- \/module fancy heading -->\n\t\t\t\t<\/div><!-- .tb-column-inner -->\n\t\t\t\t\t\t<\/div><!-- .module_column -->\n\t\t\t\t\t\t<\/div><!-- .row_inner -->\n\t\t<\/div><!-- .module_row -->\n\t\t\t\t\t\t\t\t<!-- module_row -->\n\t\t<div  data-lazy=\"1\" class=\"module_row themify_builder_row wrapblock2 tb_ced2336 tf_w tf_clearfix\">\n\t\t\t\t\t<div class=\"row_inner col_align_top tb_col_count_1 tf_box tf_rel\">\n\t\t\t\t\t<div  data-lazy=\"1\" class=\"module_column tb-column col-full tb_ey0l336 first\">\n\t\t\t\t\t\t\t\t\t<div class=\"tb-column-inner tf_box tf_w\">\n\t\t\t\t<!-- module fancy heading -->\n<div  class=\"module module-fancy-heading tb_0rkj100 \" data-lazy=\"1\">\n\t    <h2 class=\"fancy-heading tf_textc\">\n    <span class=\"main-head tf_block\">\n\t\t\t\t\tPol\u00edtica de Privacidad y Cookies\t\t    <\/span>\n\n\t\t\t<span class=\"tb_fancy_heading_icon_wrap tf_block\">\n\t\t\t<span class=\"tb_fancy_heading_border tf_rel\"><\/span>\t\t\t<span class=\"tb_fancy_heading_icon\">\n\t\t\t\t\t\t\t\t\t<em style=\"color: #676767\"><svg  class=\"tf_fa tf-ti-more-alt\" aria-hidden=\"true\"><use href=\"#tf-ti-more-alt\"><\/use><\/svg><\/em>\n\t\t\t\t\t\t\t<\/span>\n\t\t\t<span class=\"tb_fancy_heading_border tf_rel\"><\/span>\t\t<\/span>\n\t\n    <span class=\"sub-head tf_block tf_rel\">\n\t\t\t\t\t\t\t    <\/span>\n    <\/h2>\n<\/div>\n<!-- \/module fancy heading -->\n<!-- module text -->\n<div  class=\"module module-text tb_pnnm489 pagegentxt  \" data-lazy=\"1\">\n        <div  class=\"tb_text_wrap\">\n    <p>Su privacidad es importante para nosotros. Es pol\u00edtica de Auto Taxis Modelores Dianense Lda. respetar su privacidad con respecto a cualquier informaci\u00f3n que podamos recopilar de usted a trav\u00e9s de nuestro sitio web, Auto Taxis Modelores Dianense Lda..<\/p><p>S\u00f3lo solicitamos informaci\u00f3n personal cuando realmente la necesitamos para brindarle un servicio. Recopilamos informaci\u00f3n personal por medios justos y legales, con su conocimiento y consentimiento. Tambi\u00e9n le informamos por qu\u00e9 lo recopilamos y c\u00f3mo se utilizar\u00e1.<\/p><p>Solo conservamos la informaci\u00f3n recopilada durante el tiempo necesario para proporcionar el servicio solicitado. Los datos que almacenamos los protegeremos dentro de medios comercialmente aceptables para evitar p\u00e9rdidas y robos, as\u00ed como el acceso, divulgaci\u00f3n, copia, uso o modificaci\u00f3n no autorizados.<\/p><p>No compartimos ninguna informaci\u00f3n de identificaci\u00f3n personal p\u00fablicamente ni con terceros, excepto seg\u00fan lo exija la ley.<\/p><p>Nuestro sitio web puede contener enlaces a sitios web externos que no son operados por nosotros. Tenga en cuenta que no tenemos control sobre el contenido y las pr\u00e1cticas de estos sitios y no podemos aceptar responsabilidad por sus respectivas pol\u00edticas de privacidad.<\/p><p>Usted es libre de rechazar nuestra solicitud de su informaci\u00f3n personal, en el entendido de que es posible que no podamos brindarle algunos de los servicios que desea.<\/p><p>Su uso continuado de nuestro sitio se considerar\u00e1 aceptaci\u00f3n de nuestras pr\u00e1cticas con respecto a la privacidad y la informaci\u00f3n personal. Si tiene alguna pregunta sobre c\u00f3mo manejamos los datos de los usuarios y la informaci\u00f3n personal, comun\u00edquese con nosotros.<\/p><p><strong>Auto Taxis Modelores Dianense Lda.<\/strong><\/p><p>Esta es la Pol\u00edtica de Cookies de Auto Taxis Modelores Dianense Lda., accesible desde la URL<br \/>www.alentejotransfers.com.<\/p><p><strong>POL\u00cdTICA DE COOKIES<\/strong><br \/>Que son las cookies<br \/>Como es pr\u00e1ctica com\u00fan en casi todos los sitios web profesionales, este sitio web utiliza cookies, que son peque\u00f1os archivos que se descargan en su ordenador, para mejorar su experiencia. Esta p\u00e1gina describe qu\u00e9 informaci\u00f3n recopilan, c\u00f3mo la usamos y por qu\u00e9 a veces necesitamos almacenar estas cookies. Tambi\u00e9n compartiremos c\u00f3mo puede evitar que se almacenen estas cookies, pero hacerlo puede afectar o interrumpir ciertos elementos de la funcionalidad del sitio web.<\/p><p><strong>C\u00f3mo utilizamos las cookies<\/strong><br \/>Utilizamos cookies por una variedad de razones que se detallan a continuaci\u00f3n. Desafortunadamente, en la mayor\u00eda de los casos, no existen opciones est\u00e1ndar de la industria para deshabilitar las cookies sin deshabilitar completamente la funcionalidad y las caracter\u00edsticas que agregan a este sitio web. Se recomienda que deje todas las cookies si no est\u00e1 seguro de si las necesita o no, en caso de que se utilicen para proporcionar un servicio que utiliza.<\/p><p><strong>Desactivar cookies<\/strong><br \/>Puede evitar la configuraci\u00f3n de cookies ajustando la configuraci\u00f3n de su navegador (consulte la Ayuda de su navegador para saber c\u00f3mo hacerlo). Tenga en cuenta que deshabilitar las cookies afectar\u00e1 la funcionalidad de este y muchos otros sitios web que visite. Deshabilitar las cookies generalmente resultar\u00e1 en la deshabilitaci\u00f3n de ciertas funciones y caracter\u00edsticas de este sitio web. Por ello, se recomienda que no desactive las cookies.<\/p><p><strong>Los cookies que configuramos<\/strong><br \/><strong>Cookies de terceros<\/strong><br \/>En algunos casos especiales, tambi\u00e9n utilizamos cookies proporcionadas por terceros de confianza. La siguiente secci\u00f3n detalla qu\u00e9 cookies de terceros puede encontrar en este sitio web.<\/p><p><strong>Responsabilidades del usuario<\/strong><br \/>El usuario asume la responsabilidad de hacer un uso adecuado de los contenidos e informaci\u00f3n ofrecidos en el sitio web con comportamiento enunciativo pero no imitativo:<\/p><p>A) No practicar actividades il\u00edcitas o contrarias a la buena fe y al orden p\u00fablico;<br \/>B) No difundir propaganda o contenidos de car\u00e1cter racista, xen\u00f3fobo, de ERRORES o de apuestas, cualquier tipo de pornograf\u00eda ilegal, declaraciones terroristas o contrarias a los derechos humanos;<br \/>C) No provocar da\u00f1os en los sistemas f\u00edsicos (hardware) y inalcanzables (software) de Auto Taxis Modelores Dianense Lda., de sus proveedores o de terceras personas, introducir o difundir en la red virus inform\u00e1ticos o cualesquiera otros sistemas hardware o software susceptibles de provocar los da\u00f1os anteriormente mencionados. .<\/p><p><strong>M\u00e1s informaci\u00f3n<\/strong><br \/>Espero que esto le haya aclarado las cosas y, como se mencion\u00f3 anteriormente, si hay algo que no est\u00e1 seguro de necesitar o no, generalmente es m\u00e1s seguro dejar las cookies habilitadas en caso de que interact\u00fae con una de las funciones que utiliza en nuestro sitio web.<\/p><p>Esta pol\u00edtica entra en vigor a partir del 24 de agosto de 2023.<\/p>    <\/div>\n<\/div>\n<!-- \/module text --><!-- module fancy heading -->\n<div  class=\"module module-fancy-heading tb_l9fz117 endp\" data-lazy=\"1\">\n\t    <h3 class=\"fancy-heading tf_textc\">\n    <span class=\"main-head tf_block\">\n\t\t\t\t\t\t\t    <\/span>\n\n\t\t\t<span class=\"tb_fancy_heading_icon_wrap tf_block\">\n\t\t\t<span class=\"tb_fancy_heading_border tf_rel\"><\/span>\t\t\t<span class=\"tb_fancy_heading_icon\">\n\t\t\t\t\t\t\t\t\t<em style=\"color: #676767\"><svg  class=\"tf_fa tf-ti-more-alt\" aria-hidden=\"true\"><use href=\"#tf-ti-more-alt\"><\/use><\/svg><\/em>\n\t\t\t\t\t\t\t<\/span>\n\t\t\t<span class=\"tb_fancy_heading_border tf_rel\"><\/span>\t\t<\/span>\n\t\n    <span class=\"sub-head tf_block tf_rel\">\n\t\t\t\t\t\t\t    <\/span>\n    <\/h3>\n<\/div>\n<!-- \/module fancy heading -->\n\t\t\t\t<\/div><!-- .tb-column-inner -->\n\t\t\t\t\t\t<\/div><!-- .module_column -->\n\t\t\t\t\t\t<\/div><!-- .row_inner -->\n\t\t<\/div><!-- .module_row -->\n\t\t\t\t<\/div>\n<!--\/themify_builder_content-->","protected":false},"excerpt":{"rendered":"<p>Pol\u00edtica de privacidad Pol\u00edtica de Privacidad y Cookies Su privacidad es importante para nosotros. Es pol\u00edtica de Auto Taxis Modelores Dianense Lda. respetar su privacidad con respecto a cualquier informaci\u00f3n que podamos recopilar de usted a trav\u00e9s de nuestro sitio web, Auto Taxis Modelores Dianense Lda.. S\u00f3lo solicitamos informaci\u00f3n personal cuando realmente la necesitamos para [&hellip;]<\/p>\n","protected":false},"author":1,"featured_media":0,"parent":0,"menu_order":10,"comment_status":"closed","ping_status":"closed","template":"","meta":{"footnotes":""},"class_list":["post-898","page","type-page","status-publish","hentry","has-post-title","has-post-date","has-post-category","has-post-tag","has-post-comment","has-post-author",""],"yoast_head":"<title>Alentejo Transfers - Pol\u00edtica de Privacidad y Cookies<\/title>\n<meta name=\"description\" content=\"Alentejo Transfers - Pol\u00edtica de Privacidad y Cookies\" \/>\n<meta name=\"robots\" content=\"index, follow, max-snippet:-1, max-image-preview:large, max-video-preview:-1\" \/>\n<link rel=\"canonical\" href=\"https:\/\/www.alentejotransfers.com\/politica-de-privacidade\/\" \/>\n<meta property=\"og:locale\" content=\"es_ES\" \/>\n<meta property=\"og:type\" content=\"article\" \/>\n<meta property=\"og:title\" content=\"Alentejo Transfers - Pol\u00edtica de Privacidad y Cookies\" \/>\n<meta property=\"og:description\" content=\"Alentejo Transfers - Pol\u00edtica de Privacidad y Cookies\" \/>\n<meta property=\"og:url\" content=\"https:\/\/www.alentejotransfers.com\/politica-de-privacidade\/\" \/>\n<meta property=\"og:site_name\" content=\"alentejo transfers\" \/>\n<meta property=\"article:modified_time\" content=\"2026-01-20T18:05:34+00:00\" \/>\n<meta name=\"twitter:card\" content=\"summary_large_image\" \/>\n<meta name=\"twitter:label1\" content=\"Tiempo de lectura\" \/>\n\t<meta name=\"twitter:data1\" content=\"4 minutos\" \/>\n<script type=\"application\/ld+json\" class=\"yoast-schema-graph\">{\"@context\":\"https:\/\/schema.org\",\"@graph\":[{\"@type\":\"WebPage\",\"@id\":\"https:\/\/www.alentejotransfers.com\/politica-de-privacidade\/\",\"url\":\"https:\/\/www.alentejotransfers.com\/politica-de-privacidade\/\",\"name\":\"Alentejo Transfers - Pol\u00edtica de Privacidad y Cookies\",\"isPartOf\":{\"@id\":\"https:\/\/www.alentejotransfers.com\/#website\"},\"datePublished\":\"2023-08-24T07:58:38+00:00\",\"dateModified\":\"2026-01-20T18:05:34+00:00\",\"description\":\"Alentejo Transfers - Pol\u00edtica de Privacidad y Cookies\",\"breadcrumb\":{\"@id\":\"https:\/\/www.alentejotransfers.com\/politica-de-privacidade\/#breadcrumb\"},\"inLanguage\":\"es\",\"potentialAction\":[{\"@type\":\"ReadAction\",\"target\":[\"https:\/\/www.alentejotransfers.com\/politica-de-privacidade\/\"]}]},{\"@type\":\"BreadcrumbList\",\"@id\":\"https:\/\/www.alentejotransfers.com\/politica-de-privacidade\/#breadcrumb\",\"itemListElement\":[{\"@type\":\"ListItem\",\"position\":1,\"name\":\"In\u00edcio\",\"item\":\"https:\/\/www.alentejotransfers.com\/es\/\"},{\"@type\":\"ListItem\",\"position\":2,\"name\":\"Pol\u00edtica de privacidad\"}]},{\"@type\":\"WebSite\",\"@id\":\"https:\/\/www.alentejotransfers.com\/#website\",\"url\":\"https:\/\/www.alentejotransfers.com\/\",\"name\":\"alentejo transfers\",\"description\":\"alentejo transfers\",\"potentialAction\":[{\"@type\":\"SearchAction\",\"target\":{\"@type\":\"EntryPoint\",\"urlTemplate\":\"https:\/\/www.alentejotransfers.com\/?s={search_term_string}\"},\"query-input\":{\"@type\":\"PropertyValueSpecification\",\"valueRequired\":true,\"valueName\":\"search_term_string\"}}],\"inLanguage\":\"es\"}]}<\/script>","yoast_head_json":{"title":"Alentejo Transfers - Pol\u00edtica de Privacidad y Cookies","description":"Alentejo Transfers - Pol\u00edtica de Privacidad y Cookies","robots":{"index":"index","follow":"follow","max-snippet":"max-snippet:-1","max-image-preview":"max-image-preview:large","max-video-preview":"max-video-preview:-1"},"canonical":"https:\/\/www.alentejotransfers.com\/politica-de-privacidade\/","og_locale":"es_ES","og_type":"article","og_title":"Alentejo Transfers - Pol\u00edtica de Privacidad y Cookies","og_description":"Alentejo Transfers - Pol\u00edtica de Privacidad y Cookies","og_url":"https:\/\/www.alentejotransfers.com\/politica-de-privacidade\/","og_site_name":"alentejo transfers","article_modified_time":"2026-01-20T18:05:34+00:00","twitter_card":"summary_large_image","twitter_misc":{"Tiempo de lectura":"4 minutos"},"schema":{"@context":"https:\/\/schema.org","@graph":[{"@type":"WebPage","@id":"https:\/\/www.alentejotransfers.com\/politica-de-privacidade\/","url":"https:\/\/www.alentejotransfers.com\/politica-de-privacidade\/","name":"Alentejo Transfers - Pol\u00edtica de Privacidad y Cookies","isPartOf":{"@id":"https:\/\/www.alentejotransfers.com\/#website"},"datePublished":"2023-08-24T07:58:38+00:00","dateModified":"2026-01-20T18:05:34+00:00","description":"Alentejo Transfers - Pol\u00edtica de Privacidad y Cookies","breadcrumb":{"@id":"https:\/\/www.alentejotransfers.com\/politica-de-privacidade\/#breadcrumb"},"inLanguage":"es","potentialAction":[{"@type":"ReadAction","target":["https:\/\/www.alentejotransfers.com\/politica-de-privacidade\/"]}]},{"@type":"BreadcrumbList","@id":"https:\/\/www.alentejotransfers.com\/politica-de-privacidade\/#breadcrumb","itemListElement":[{"@type":"ListItem","position":1,"name":"In\u00edcio","item":"https:\/\/www.alentejotransfers.com\/es\/"},{"@type":"ListItem","position":2,"name":"Pol\u00edtica de privacidad"}]},{"@type":"WebSite","@id":"https:\/\/www.alentejotransfers.com\/#website","url":"https:\/\/www.alentejotransfers.com\/","name":"alentejo transfers","description":"alentejo transfers","potentialAction":[{"@type":"SearchAction","target":{"@type":"EntryPoint","urlTemplate":"https:\/\/www.alentejotransfers.com\/?s={search_term_string}"},"query-input":{"@type":"PropertyValueSpecification","valueRequired":true,"valueName":"search_term_string"}}],"inLanguage":"es"}]}},"_links":{"self":[{"href":"https:\/\/www.alentejotransfers.com\/es\/wp-json\/wp\/v2\/pages\/898","targetHints":{"allow":["GET"]}}],"collection":[{"href":"https:\/\/www.alentejotransfers.com\/es\/wp-json\/wp\/v2\/pages"}],"about":[{"href":"https:\/\/www.alentejotransfers.com\/es\/wp-json\/wp\/v2\/types\/page"}],"author":[{"embeddable":true,"href":"https:\/\/www.alentejotransfers.com\/es\/wp-json\/wp\/v2\/users\/1"}],"replies":[{"embeddable":true,"href":"https:\/\/www.alentejotransfers.com\/es\/wp-json\/wp\/v2\/comments?post=898"}],"version-history":[{"count":3,"href":"https:\/\/www.alentejotransfers.com\/es\/wp-json\/wp\/v2\/pages\/898\/revisions"}],"predecessor-version":[{"id":1157,"href":"https:\/\/www.alentejotransfers.com\/es\/wp-json\/wp\/v2\/pages\/898\/revisions\/1157"}],"wp:attachment":[{"href":"https:\/\/www.alentejotransfers.com\/es\/wp-json\/wp\/v2\/media?parent=898"}],"curies":[{"name":"wp","href":"https:\/\/api.w.org\/{rel}","templated":true}]}}