{"id":895,"date":"2023-08-23T13:55:31","date_gmt":"2023-08-23T13:55:31","guid":{"rendered":"https:\/\/www.alentejotransfers.com\/contactos\/"},"modified":"2026-01-19T17:53:51","modified_gmt":"2026-01-19T17:53:51","slug":"contactos","status":"publish","type":"page","link":"https:\/\/www.alentejotransfers.com\/es\/contactos\/","title":{"rendered":"Contactos"},"content":{"rendered":"<!--themify_builder_content-->\n<div id=\"themify_builder_content-895\" data-postid=\"895\" class=\"themify_builder_content themify_builder_content-895 themify_builder tf_clear\">\n    \t\t\t\t<!-- module_row -->\n\t\t<div  data-parallax-bg=\"desktop\" data-lazy=\"1\" class=\"module_row themify_builder_row wrapblock1 tb_m6m2754 tb_first tf_w tf_clearfix\">\n\t\t<div class=\"builder_row_cover tf_abs\"><\/div>\t\t\t<div class=\"row_inner col_align_top tb_col_count_1 tf_box tf_rel\">\n\t\t\t\t\t<div  data-lazy=\"1\" class=\"module_column tb-column col-full tb_fw77755 first\">\n\t\t\t\t\t\t\t\t\t<div class=\"tb-column-inner tf_box tf_w\">\n\t\t\t\t<!-- module fancy heading -->\n<div  class=\"module module-fancy-heading tb_lzwa504 \" data-lazy=\"1\">\n\t    <h1 class=\"fancy-heading tf_textc\">\n    <span class=\"main-head tf_block\">\n\t\t\t\t\tCONTACTOS\t\t    <\/span>\n\n\t\t\t<span class=\"tb_fancy_heading_icon_wrap tf_block\">\n\t\t\t<span class=\"tb_fancy_heading_border tf_rel\"><\/span>\t\t\t<span class=\"tb_fancy_heading_icon\">\n\t\t\t\t\t\t\t\t\t<em style=\"color: #ffffff\"><svg  class=\"tf_fa tf-ti-more-alt\" aria-hidden=\"true\"><use href=\"#tf-ti-more-alt\"><\/use><\/svg><\/em>\n\t\t\t\t\t\t\t<\/span>\n\t\t\t<span class=\"tb_fancy_heading_border tf_rel\"><\/span>\t\t<\/span>\n\t\n    <span class=\"sub-head tf_block tf_rel\">\n\t\t\t\t\t\t\t    <\/span>\n    <\/h1>\n<\/div>\n<!-- \/module fancy heading -->\n\t\t\t\t<\/div><!-- .tb-column-inner -->\n\t\t\t\t\t\t<\/div><!-- .module_column -->\n\t\t\t\t\t\t<\/div><!-- .row_inner -->\n\t\t<\/div><!-- .module_row -->\n\t\t\t\t\t\t\t\t<!-- module_row -->\n\t\t<div  data-lazy=\"1\" class=\"module_row themify_builder_row wrapblock2 tb_ced2336 tf_w tf_clearfix\">\n\t\t\t\t\t<div class=\"row_inner col_align_top tb_col_count_2 tf_box tf_rel\">\n\t\t\t\t\t<div  data-lazy=\"1\" class=\"module_column tb-column col4-2 tb_ey0l336 first\">\n\t\t\t\t\t\t\t\t\t<div class=\"tb-column-inner tf_box tf_w\">\n\t\t\t\t<!-- module fancy heading -->\n<div  class=\"module module-fancy-heading tb_yfyd239 \" data-lazy=\"1\">\n\t    <h2 class=\"fancy-heading tf_textc\">\n    <span class=\"main-head tf_block\">\n\t\t\t\t\tD\u00f3nde encontrarnos\t\t    <\/span>\n\n\t\t\t<span class=\"tb_fancy_heading_icon_wrap tf_block\">\n\t\t\t<span class=\"tb_fancy_heading_border tf_rel\"><\/span>\t\t\t<span class=\"tb_fancy_heading_icon\">\n\t\t\t\t\t\t\t\t\t<em style=\"color: #676767\"><svg  class=\"tf_fa tf-ti-more-alt\" aria-hidden=\"true\"><use href=\"#tf-ti-more-alt\"><\/use><\/svg><\/em>\n\t\t\t\t\t\t\t<\/span>\n\t\t\t<span class=\"tb_fancy_heading_border tf_rel\"><\/span>\t\t<\/span>\n\t\n    <span class=\"sub-head tf_block tf_rel\">\n\t\t\t\t\t\t\t    <\/span>\n    <\/h2>\n<\/div>\n<!-- \/module fancy heading -->\n<!-- module text -->\n<div  class=\"module module-text tb_pnnm489 pagegentxt  \" data-lazy=\"1\">\n        <div  class=\"tb_text_wrap\">\n    <h3>Auto Taxis Modelares Dianense Lda.<\/h3><p><strong>DIRECCI\u00d3N:<\/strong><br \/>Rua Antonio da Silveira n\u00ba2 rc<br \/>7005 \u00c9vora, Portugal<\/p><p><strong>Tel\u00e9fono:<\/strong><br \/>+351 968 035 386<br \/>(Llamada a red m\u00f3vil nacional)<\/p><p><strong>E-Mail:<\/strong><br \/><a href=\"mailto:geral@alentejotransfers.com.\">geral@alentejotransfers.com<\/a><\/p>    <\/div>\n<\/div>\n<!-- \/module text --><!-- module fancy heading -->\n<div  class=\"module module-fancy-heading tb_l9fz117 endp\" data-lazy=\"1\">\n\t    <h3 class=\"fancy-heading tf_textc\">\n    <span class=\"main-head tf_block\">\n\t\t\t\t\t\t\t    <\/span>\n\n\t\t\t<span class=\"tb_fancy_heading_icon_wrap tf_block\">\n\t\t\t<span class=\"tb_fancy_heading_border tf_rel\"><\/span>\t\t\t<span class=\"tb_fancy_heading_icon\">\n\t\t\t\t\t\t\t\t\t<em style=\"color: #676767\"><svg  class=\"tf_fa tf-ti-more-alt\" aria-hidden=\"true\"><use href=\"#tf-ti-more-alt\"><\/use><\/svg><\/em>\n\t\t\t\t\t\t\t<\/span>\n\t\t\t<span class=\"tb_fancy_heading_border tf_rel\"><\/span>\t\t<\/span>\n\t\n    <span class=\"sub-head tf_block tf_rel\">\n\t\t\t\t\t\t\t    <\/span>\n    <\/h3>\n<\/div>\n<!-- \/module fancy heading -->\n\t\t\t\t<\/div><!-- .tb-column-inner -->\n\t\t\t\t\t\t<\/div><!-- .module_column -->\n\t\t\t\t\t<div  data-lazy=\"1\" class=\"module_column tb-column col4-2 tb_4b5o575 servicosbg last\">\n\t\t\t\t\t\t\t\t\t<div class=\"tb-column-inner tf_box tf_w\">\n\t\t\t\t<!-- module fancy heading -->\n<div  class=\"module module-fancy-heading tb_ybi9375 \" data-lazy=\"1\">\n\t    <h2 class=\"fancy-heading tf_textc\">\n    <span class=\"main-head tf_block\">\n\t\t\t\t\tContacte-nos\t\t    <\/span>\n\n\t\t\t<span class=\"tb_fancy_heading_icon_wrap tf_block\">\n\t\t\t<span class=\"tb_fancy_heading_border tf_rel\"><\/span>\t\t\t<span class=\"tb_fancy_heading_icon\">\n\t\t\t\t\t\t\t\t\t<em style=\"color: #ffffff\"><svg  class=\"tf_fa tf-ti-more-alt\" aria-hidden=\"true\"><use href=\"#tf-ti-more-alt\"><\/use><\/svg><\/em>\n\t\t\t\t\t\t\t<\/span>\n\t\t\t<span class=\"tb_fancy_heading_border tf_rel\"><\/span>\t\t<\/span>\n\t\n    <span class=\"sub-head tf_block tf_rel\">\n\t\t\t\t\tLe responderemos tan pronto como sea posible\t\t    <\/span>\n    <\/h2>\n<\/div>\n<!-- \/module fancy heading -->\n<!-- module plain text -->\n<div  class=\"module module-plain-text tb_1g2h56 \" data-lazy=\"1\">\n        <div class=\"tb_text_wrap\">\n\t<div class=\"wrapfooterform\">\n<div class=\"wpcf7 no-js\" id=\"wpcf7-f915-o1\" lang=\"en-US\" dir=\"ltr\" data-wpcf7-id=\"915\">\n<div class=\"screen-reader-response\"><p role=\"status\" aria-live=\"polite\" aria-atomic=\"true\"><\/p> <ul><\/ul><\/div>\n<form action=\"\/es\/wp-json\/wp\/v2\/pages\/895#wpcf7-f915-o1\" method=\"post\" class=\"wpcf7-form init\" aria-label=\"Contact form\" novalidate=\"novalidate\" data-status=\"init\">\n<fieldset class=\"hidden-fields-container\"><input type=\"hidden\" name=\"_wpcf7\" value=\"915\" \/><input type=\"hidden\" name=\"_wpcf7_version\" value=\"6.1.5\" \/><input type=\"hidden\" name=\"_wpcf7_locale\" value=\"en_US\" \/><input type=\"hidden\" name=\"_wpcf7_unit_tag\" value=\"wpcf7-f915-o1\" \/><input type=\"hidden\" name=\"_wpcf7_container_post\" value=\"0\" \/><input type=\"hidden\" name=\"_wpcf7_posted_data_hash\" value=\"\" \/>\n<\/fieldset>\n<div class=\"wpcf7-turnstile cf-turnstile\" data-sitekey=\"0x4AAAAAACOLFnpylKHxu5vf\" data-response-field-name=\"_wpcf7_turnstile_response\"><\/div>\n\n<div class=\"wpformsfield\">\n\t<p><span class=\"wpcf7-form-control-wrap\" data-name=\"your-name\"><input size=\"40\" maxlength=\"400\" class=\"wpcf7-form-control wpcf7-text wpcf7-validates-as-required\" autocomplete=\"name\" aria-required=\"true\" aria-invalid=\"false\" placeholder=\"Nombre\" value=\"\" type=\"text\" name=\"your-name\" \/><\/span>\n\t<\/p>\n<\/div>\n<div class=\"wpformsfield\">\n\t<div class=\"wpforms-field-row wpforms-field-medium\">\n\t\t<div class=\"wpforms-field-row wpforms-field-medium\">\n\t\t\t<div class=\"wpforms-field-row-block wpforms-first wpforms-one-half\">\n\t\t\t\t<p><span class=\"wpcf7-form-control-wrap\" data-name=\"your-email\"><input size=\"40\" maxlength=\"400\" class=\"wpcf7-form-control wpcf7-email wpcf7-validates-as-required wpcf7-text wpcf7-validates-as-email\" autocomplete=\"email\" aria-required=\"true\" aria-invalid=\"false\" placeholder=\"Email\" value=\"\" type=\"email\" name=\"your-email\" \/><\/span>\n\t\t\t\t<\/p>\n\t\t\t<\/div>\n\t\t\t<div class=\"wpforms-field-row-block wpforms-one-half\">\n\t\t\t\t<p><span class=\"wpcf7-form-control-wrap\" data-name=\"tel-111\"><input size=\"40\" maxlength=\"400\" class=\"wpcf7-form-control wpcf7-tel wpcf7-validates-as-required wpcf7-text wpcf7-validates-as-tel\" aria-required=\"true\" aria-invalid=\"false\" placeholder=\"Tel\u00e9fono\" value=\"\" type=\"tel\" name=\"tel-111\" \/><\/span>\n\t\t\t\t<\/p>\n\t\t\t<\/div>\n\t\t<\/div>\n\t<\/div>\n\t<div class=\"wpformsfield\">\n\t\t<p><span class=\"wpcf7-form-control-wrap\" data-name=\"text-990\"><input size=\"40\" maxlength=\"400\" class=\"wpcf7-form-control wpcf7-text\" autocomplete=\"name\" aria-invalid=\"false\" placeholder=\"Sujeto\" value=\"\" type=\"text\" name=\"text-990\" \/><\/span>\n\t\t<\/p>\n\t<\/div>\n\t<div class=\"wpformsfield\">\n\t\t<p><span class=\"wpcf7-form-control-wrap\" data-name=\"textarea-608\"><textarea cols=\"40\" rows=\"10\" maxlength=\"2000\" class=\"wpcf7-form-control wpcf7-textarea wpcf7-validates-as-required\" aria-required=\"true\" aria-invalid=\"false\" placeholder=\"Mensaje\" name=\"textarea-608\"><\/textarea><\/span>\n\t\t<\/p>\n\t<\/div>\n\t<div class=\"wpformsfield ispersonal\">\n\t\t<p class=\"form-row gdpr\">Acuerdo GDPR (Reglamento General de Protecci\u00f3n de Datos)* <span class=\"wpcf7-form-control-wrap\" data-name=\"checkbox-812\"><span class=\"wpcf7-form-control wpcf7-checkbox wpcf7-validates-as-required wpcf7-exclusive-checkbox\"><span class=\"wpcf7-list-item first last\"><input type=\"checkbox\" name=\"checkbox-812\" value=\"Doy mi consentimiento para que este sitio almacene la informaci\u00f3n enviada para que puedan responder a mi consulta y acepto sus t\u00e9rminos y condiciones.\" \/><span class=\"wpcf7-list-item-label\">Doy mi consentimiento para que este sitio almacene la informaci\u00f3n enviada para que puedan responder a mi consulta y acepto sus t\u00e9rminos y condiciones.<\/span><\/span><\/span><\/span>\n\t\t<\/p>\n\t<\/div>\n\t<p><input class=\"wpcf7-form-control wpcf7-submit has-spinner\" type=\"submit\" value=\"Enviar\" \/>\n\t<\/p>\n<\/div><p style=\"display: none !important;\" class=\"akismet-fields-container\" data-prefix=\"_wpcf7_ak_\"><label>&#916;<textarea name=\"_wpcf7_ak_hp_textarea\" cols=\"45\" rows=\"8\" maxlength=\"100\"><\/textarea><\/label><input type=\"hidden\" id=\"ak_js_1\" name=\"_wpcf7_ak_js\" value=\"39\"\/><script>document.getElementById( \"ak_js_1\" ).setAttribute( \"value\", ( new Date() ).getTime() );<\/script><\/p><div class=\"wpcf7-response-output\" aria-hidden=\"true\"><\/div>\n<\/form>\n<\/div>\n<\/div>    <\/div>\n<\/div>\n<!-- \/module plain text -->\t\t\t\t<\/div><!-- .tb-column-inner -->\n\t\t\t\t\t\t<\/div><!-- .module_column -->\n\t\t\t\t\t\t<\/div><!-- .row_inner -->\n\t\t<\/div><!-- .module_row -->\n\t\t\t\t<\/div>\n<!--\/themify_builder_content-->","protected":false},"excerpt":{"rendered":"<p>CONTACTOS D\u00f3nde encontrarnos Auto Taxis Modelares Dianense Lda. DIRECCI\u00d3N:Rua Antonio da Silveira n\u00ba2 rc7005 \u00c9vora, Portugal Tel\u00e9fono:+351 968 035 386(Llamada a red m\u00f3vil nacional) E-Mail:geral@alentejotransfers.com Contacte-nosLe responderemos tan pronto como sea posible<\/p>\n","protected":false},"author":1,"featured_media":0,"parent":0,"menu_order":5,"comment_status":"closed","ping_status":"closed","template":"","meta":{"footnotes":""},"class_list":["post-895","page","type-page","status-publish","hentry","has-post-title","has-post-date","has-post-category","has-post-tag","has-post-comment","has-post-author",""],"yoast_head":"<title>Alentejo Traslados - \u00c9vora T\u00e1xis | Tours | Contactos<\/title>\n<meta name=\"description\" content=\"Puede ponerse en contacto directamente con nosotros llamando al: 00351 968 035 386 o utilice el formulario.\" \/>\n<meta name=\"robots\" content=\"index, follow, max-snippet:-1, max-image-preview:large, max-video-preview:-1\" \/>\n<link rel=\"canonical\" href=\"https:\/\/www.alentejotransfers.com\/es\/contactos\/\" \/>\n<meta property=\"og:locale\" content=\"es_ES\" \/>\n<meta property=\"og:type\" content=\"article\" \/>\n<meta property=\"og:title\" content=\"Alentejo Traslados - \u00c9vora T\u00e1xis | Tours | Contactos\" \/>\n<meta property=\"og:description\" content=\"Puede ponerse en contacto directamente con nosotros llamando al: 00351 968 035 386 o utilice el formulario.\" \/>\n<meta property=\"og:url\" content=\"https:\/\/www.alentejotransfers.com\/es\/contactos\/\" \/>\n<meta property=\"og:site_name\" content=\"alentejo transfers\" \/>\n<meta property=\"article:modified_time\" content=\"2026-01-19T17:53:51+00:00\" \/>\n<meta name=\"twitter:card\" content=\"summary_large_image\" \/>\n<script type=\"application\/ld+json\" class=\"yoast-schema-graph\">{\"@context\":\"https:\/\/schema.org\",\"@graph\":[{\"@type\":\"WebPage\",\"@id\":\"https:\/\/www.alentejotransfers.com\/es\/contactos\/\",\"url\":\"https:\/\/www.alentejotransfers.com\/es\/contactos\/\",\"name\":\"Alentejo Traslados - \u00c9vora T\u00e1xis | Tours | Contactos\",\"isPartOf\":{\"@id\":\"https:\/\/www.alentejotransfers.com\/#website\"},\"datePublished\":\"2023-08-23T13:55:31+00:00\",\"dateModified\":\"2026-01-19T17:53:51+00:00\",\"description\":\"Puede ponerse en contacto directamente con nosotros llamando al: 00351 968 035 386 o utilice el formulario.\",\"breadcrumb\":{\"@id\":\"https:\/\/www.alentejotransfers.com\/es\/contactos\/#breadcrumb\"},\"inLanguage\":\"es\",\"potentialAction\":[{\"@type\":\"ReadAction\",\"target\":[\"https:\/\/www.alentejotransfers.com\/es\/contactos\/\"]}]},{\"@type\":\"BreadcrumbList\",\"@id\":\"https:\/\/www.alentejotransfers.com\/es\/contactos\/#breadcrumb\",\"itemListElement\":[{\"@type\":\"ListItem\",\"position\":1,\"name\":\"In\u00edcio\",\"item\":\"https:\/\/www.alentejotransfers.com\/es\/\"},{\"@type\":\"ListItem\",\"position\":2,\"name\":\"Contactos\"}]},{\"@type\":\"WebSite\",\"@id\":\"https:\/\/www.alentejotransfers.com\/#website\",\"url\":\"https:\/\/www.alentejotransfers.com\/\",\"name\":\"alentejo transfers\",\"description\":\"alentejo transfers\",\"potentialAction\":[{\"@type\":\"SearchAction\",\"target\":{\"@type\":\"EntryPoint\",\"urlTemplate\":\"https:\/\/www.alentejotransfers.com\/?s={search_term_string}\"},\"query-input\":{\"@type\":\"PropertyValueSpecification\",\"valueRequired\":true,\"valueName\":\"search_term_string\"}}],\"inLanguage\":\"es\"}]}<\/script>","yoast_head_json":{"title":"Alentejo Traslados - \u00c9vora T\u00e1xis | Tours | Contactos","description":"Puede ponerse en contacto directamente con nosotros llamando al: 00351 968 035 386 o utilice el formulario.","robots":{"index":"index","follow":"follow","max-snippet":"max-snippet:-1","max-image-preview":"max-image-preview:large","max-video-preview":"max-video-preview:-1"},"canonical":"https:\/\/www.alentejotransfers.com\/es\/contactos\/","og_locale":"es_ES","og_type":"article","og_title":"Alentejo Traslados - \u00c9vora T\u00e1xis | Tours | Contactos","og_description":"Puede ponerse en contacto directamente con nosotros llamando al: 00351 968 035 386 o utilice el formulario.","og_url":"https:\/\/www.alentejotransfers.com\/es\/contactos\/","og_site_name":"alentejo transfers","article_modified_time":"2026-01-19T17:53:51+00:00","twitter_card":"summary_large_image","schema":{"@context":"https:\/\/schema.org","@graph":[{"@type":"WebPage","@id":"https:\/\/www.alentejotransfers.com\/es\/contactos\/","url":"https:\/\/www.alentejotransfers.com\/es\/contactos\/","name":"Alentejo Traslados - \u00c9vora T\u00e1xis | Tours | Contactos","isPartOf":{"@id":"https:\/\/www.alentejotransfers.com\/#website"},"datePublished":"2023-08-23T13:55:31+00:00","dateModified":"2026-01-19T17:53:51+00:00","description":"Puede ponerse en contacto directamente con nosotros llamando al: 00351 968 035 386 o utilice el formulario.","breadcrumb":{"@id":"https:\/\/www.alentejotransfers.com\/es\/contactos\/#breadcrumb"},"inLanguage":"es","potentialAction":[{"@type":"ReadAction","target":["https:\/\/www.alentejotransfers.com\/es\/contactos\/"]}]},{"@type":"BreadcrumbList","@id":"https:\/\/www.alentejotransfers.com\/es\/contactos\/#breadcrumb","itemListElement":[{"@type":"ListItem","position":1,"name":"In\u00edcio","item":"https:\/\/www.alentejotransfers.com\/es\/"},{"@type":"ListItem","position":2,"name":"Contactos"}]},{"@type":"WebSite","@id":"https:\/\/www.alentejotransfers.com\/#website","url":"https:\/\/www.alentejotransfers.com\/","name":"alentejo transfers","description":"alentejo transfers","potentialAction":[{"@type":"SearchAction","target":{"@type":"EntryPoint","urlTemplate":"https:\/\/www.alentejotransfers.com\/?s={search_term_string}"},"query-input":{"@type":"PropertyValueSpecification","valueRequired":true,"valueName":"search_term_string"}}],"inLanguage":"es"}]}},"_links":{"self":[{"href":"https:\/\/www.alentejotransfers.com\/es\/wp-json\/wp\/v2\/pages\/895","targetHints":{"allow":["GET"]}}],"collection":[{"href":"https:\/\/www.alentejotransfers.com\/es\/wp-json\/wp\/v2\/pages"}],"about":[{"href":"https:\/\/www.alentejotransfers.com\/es\/wp-json\/wp\/v2\/types\/page"}],"author":[{"embeddable":true,"href":"https:\/\/www.alentejotransfers.com\/es\/wp-json\/wp\/v2\/users\/1"}],"replies":[{"embeddable":true,"href":"https:\/\/www.alentejotransfers.com\/es\/wp-json\/wp\/v2\/comments?post=895"}],"version-history":[{"count":4,"href":"https:\/\/www.alentejotransfers.com\/es\/wp-json\/wp\/v2\/pages\/895\/revisions"}],"predecessor-version":[{"id":1064,"href":"https:\/\/www.alentejotransfers.com\/es\/wp-json\/wp\/v2\/pages\/895\/revisions\/1064"}],"wp:attachment":[{"href":"https:\/\/www.alentejotransfers.com\/es\/wp-json\/wp\/v2\/media?parent=895"}],"curies":[{"name":"wp","href":"https:\/\/api.w.org\/{rel}","templated":true}]}}