{"id":869,"date":"2023-08-22T11:49:13","date_gmt":"2023-08-22T11:49:13","guid":{"rendered":"https:\/\/www.alentejotransfers.com\/sobre-nos\/"},"modified":"2026-01-20T17:56:52","modified_gmt":"2026-01-20T17:56:52","slug":"sobre-nosotros","status":"publish","type":"page","link":"https:\/\/www.alentejotransfers.com\/es\/sobre-nosotros\/","title":{"rendered":"Sobre nosotros"},"content":{"rendered":"<!--themify_builder_content-->\n<div id=\"themify_builder_content-869\" data-postid=\"869\" class=\"themify_builder_content themify_builder_content-869 themify_builder tf_clear\">\n    \t\t\t\t<!-- module_row -->\n\t\t<div  data-parallax-bg=\"desktop\" data-lazy=\"1\" class=\"module_row themify_builder_row wrapblock1 tb_m6m2754 tb_first tf_w tf_clearfix\">\n\t\t<div class=\"builder_row_cover tf_abs\"><\/div>\t\t\t<div class=\"row_inner col_align_top tb_col_count_1 tf_box tf_rel\">\n\t\t\t\t\t<div  data-lazy=\"1\" class=\"module_column tb-column col-full tb_fw77755 first\">\n\t\t\t\t\t\t\t\t\t<div class=\"tb-column-inner tf_box tf_w\">\n\t\t\t\t<!-- module fancy heading -->\n<div  class=\"module module-fancy-heading tb_lzwa504 \" data-lazy=\"1\">\n\t    <h1 class=\"fancy-heading tf_textc\">\n    <span class=\"main-head tf_block\">\n\t\t\t\t\tSobre nosotros\t\t    <\/span>\n\n\t\t\t<span class=\"tb_fancy_heading_icon_wrap tf_block\">\n\t\t\t<span class=\"tb_fancy_heading_border tf_rel\"><\/span>\t\t\t<span class=\"tb_fancy_heading_icon\">\n\t\t\t\t\t\t\t\t\t<em style=\"color: #ffffff\"><svg  class=\"tf_fa tf-ti-more-alt\" aria-hidden=\"true\"><use href=\"#tf-ti-more-alt\"><\/use><\/svg><\/em>\n\t\t\t\t\t\t\t<\/span>\n\t\t\t<span class=\"tb_fancy_heading_border tf_rel\"><\/span>\t\t<\/span>\n\t\n    <span class=\"sub-head tf_block tf_rel\">\n\t\t\t\t\t\t\t    <\/span>\n    <\/h1>\n<\/div>\n<!-- \/module fancy heading -->\n\t\t\t\t<\/div><!-- .tb-column-inner -->\n\t\t\t\t\t\t<\/div><!-- .module_column -->\n\t\t\t\t\t\t<\/div><!-- .row_inner -->\n\t\t<\/div><!-- .module_row -->\n\t\t\t\t\t\t\t\t<!-- module_row -->\n\t\t<div  data-lazy=\"1\" class=\"module_row themify_builder_row wrapblock2 tb_ced2336 tf_w tf_clearfix\">\n\t\t\t\t\t<div class=\"row_inner col_align_top tb_col_count_2 tf_box tf_rel\">\n\t\t\t\t\t<div  data-lazy=\"1\" class=\"module_column tb-column col4-3 tb_ey0l336 first\">\n\t\t\t\t\t\t\t\t\t<div class=\"tb-column-inner tf_box tf_w\">\n\t\t\t\t<!-- module fancy heading -->\n<div  class=\"module module-fancy-heading tb_0rkj100 \" data-lazy=\"1\">\n\t    <h2 class=\"fancy-heading tf_textc\">\n    <span class=\"main-head tf_block\">\n\t\t\t\t\tSobre nosotros\t\t    <\/span>\n\n\t\t\t<span class=\"tb_fancy_heading_icon_wrap tf_block\">\n\t\t\t<span class=\"tb_fancy_heading_border tf_rel\"><\/span>\t\t\t<span class=\"tb_fancy_heading_icon\">\n\t\t\t\t\t\t\t\t\t<em style=\"color: #676767\"><svg  class=\"tf_fa tf-ti-more-alt\" aria-hidden=\"true\"><use href=\"#tf-ti-more-alt\"><\/use><\/svg><\/em>\n\t\t\t\t\t\t\t<\/span>\n\t\t\t<span class=\"tb_fancy_heading_border tf_rel\"><\/span>\t\t<\/span>\n\t\n    <span class=\"sub-head tf_block tf_rel\">\n\t\t\t\t\t\t\t    <\/span>\n    <\/h2>\n<\/div>\n<!-- \/module fancy heading -->\n<!-- module text -->\n<div  class=\"module module-text tb_pnnm489 pagegentxt  \" data-lazy=\"1\">\n        <div  class=\"tb_text_wrap\">\n    <p>Auto Taxis Modelares Dianenses Lda, socio de Alentejo Transfers, es una empresa de transporte de taxis y agencia de viajes y turismo. Compuesta por veh\u00edculos de lujo, fundada y con sede en \u00c9vora desde 1989.<\/p>\n<p>Nuestro objetivo principal es proporcionar un excelente servicio que se adapta a las necesidades de cada tipo de cliente y es nuestra constante preocupaci\u00f3n de la comodidad y seguridad de nuestros clientes.<\/p>\n<p>Aseg\u00farese siempre de toda la ayuda en el movimiento de nuestros clientes, ya sean de car\u00e1cter profesional o simplemente un momento de ocio.<\/p>\n<p>Nuestros conductores tienen un vasto conocimiento de toda la regi\u00f3n de Alentejo, as\u00ed como el resto del pa\u00eds, lo que permite hacer un seguimiento con el conocimiento de cualquiera de las partes.<\/p>\n<p>Nuestro negocio tambi\u00e9n fuera de Portugal, por lo que s\u00f3lo en contacto con nosotros y estaremos a su disposici\u00f3n donde quiera.<\/p>\n    <\/div>\n<\/div>\n<!-- \/module text --><!-- module fancy heading -->\n<div  class=\"module module-fancy-heading tb_l9fz117 endp\" data-lazy=\"1\">\n\t    <h3 class=\"fancy-heading tf_textc\">\n    <span class=\"main-head tf_block\">\n\t\t\t\t\t\t\t    <\/span>\n\n\t\t\t<span class=\"tb_fancy_heading_icon_wrap tf_block\">\n\t\t\t<span class=\"tb_fancy_heading_border tf_rel\"><\/span>\t\t\t<span class=\"tb_fancy_heading_icon\">\n\t\t\t\t\t\t\t\t\t<em style=\"color: #676767\"><svg  class=\"tf_fa tf-ti-more-alt\" aria-hidden=\"true\"><use href=\"#tf-ti-more-alt\"><\/use><\/svg><\/em>\n\t\t\t\t\t\t\t<\/span>\n\t\t\t<span class=\"tb_fancy_heading_border tf_rel\"><\/span>\t\t<\/span>\n\t\n    <span class=\"sub-head tf_block tf_rel\">\n\t\t\t\t\t\t\t    <\/span>\n    <\/h3>\n<\/div>\n<!-- \/module fancy heading -->\n\t\t\t\t<\/div><!-- .tb-column-inner -->\n\t\t\t\t\t\t<\/div><!-- .module_column -->\n\t\t\t\t\t<div  data-lazy=\"1\" class=\"module_column tb-column col4-1 tb_4b5o575 servicosbg last\">\n\t\t\t\t\t\t\t\t\t<div class=\"tb-column-inner tf_box tf_w\">\n\t\t\t\t<!-- module widgetized -->\n<div  class=\"module module-widgetized tb_20fv182  \" data-lazy=\"1\">\n    <div id=\"nav_menu-4\" class=\"widget widget_nav_menu\"><h4 class=\"widgettitle\">Nuestros servicios<\/h4><div class=\"menu-servicosmenues-container\"><ul id=\"menu-servicosmenues\" class=\"menu\"><li id=\"menu-item-906\" class=\"menu-item menu-item-type-post_type menu-item-object-page menu-item-906\"><a href=\"https:\/\/www.alentejotransfers.com\/es\/servicios\/traslados\/\">Traslados<\/a><\/li>\n<li id=\"menu-item-907\" class=\"menu-item menu-item-type-post_type menu-item-object-page menu-item-907\"><a href=\"https:\/\/www.alentejotransfers.com\/es\/servicios\/tours\/\">Tours<\/a><\/li>\n<li id=\"menu-item-908\" class=\"menu-item menu-item-type-post_type menu-item-object-page menu-item-908\"><a href=\"https:\/\/www.alentejotransfers.com\/es\/servicios\/enoturismo\/\">Enoturismo<\/a><\/li>\n<li id=\"menu-item-909\" class=\"menu-item menu-item-type-post_type menu-item-object-page menu-item-909\"><a href=\"https:\/\/www.alentejotransfers.com\/es\/servicios\/socios\/\">Socios<\/a><\/li>\n<\/ul><\/div><\/div>\r\n\t\t <h3 class=\"widgettitle\">\u00danete a nosotros en Facebook<\/h3> \t\t<div id=\"fb-root\"><\/div>\r\n\t\t<script>(function (d, s, id) {\r\n                var js, fjs = d.getElementsByTagName(s)[0];\r\n                if (d.getElementById(id)) {\r\n                    return;\r\n                }\r\n                js = d.createElement(s);\r\n                js.id = id;\r\n                js.src = \"\/\/connect.facebook.net\/en_US\/all.js#xfbml=1\";\r\n                fjs.parentNode.insertBefore(js, fjs);\r\n            }(document, 'script', 'facebook-jssdk'));<\/script>\r\n\t\t<div class=\"fb-like-box\" data-href=\"https:\/\/www.facebook.com\/Auto-Taxis-Modelares-Dianenses-Lda-385768248121108\/\"\r\n\t\t\t data-colorscheme=\"light\"\r\n\t\t\t data-show-faces=\"false\"\r\n\t\t\t data-stream=\"false\"\r\n\t\t\t data-header=\"true\"\r\n\t\t\t data-border-color=\"\">\r\n\t\t<\/div>\r\n\r\n\t\t<\/div>\n<!-- \/module widgetized -->\t\t\t\t<\/div><!-- .tb-column-inner -->\n\t\t\t\t\t\t<\/div><!-- .module_column -->\n\t\t\t\t\t\t<\/div><!-- .row_inner -->\n\t\t<\/div><!-- .module_row -->\n\t\t\t\t\t\t\t\t<!-- module_row -->\n\t\t<div  data-lazy=\"1\" class=\"module_row themify_builder_row tb_3erq872 tf_w tf_clearfix\">\n\t\t\t\t\t<div class=\"row_inner col_align_top tb_col_count_1 tf_box tf_rel\">\n\t\t\t\t\t<div  data-lazy=\"1\" class=\"module_column tb-column col-full tb_o459872 first\">\n\t\t\t\t\t\t\t<\/div><!-- .module_column -->\n\t\t\t\t\t\t<\/div><!-- .row_inner -->\n\t\t<\/div><!-- .module_row -->\n\t\t\t\t<\/div>\n<!--\/themify_builder_content-->","protected":false},"excerpt":{"rendered":"<p>Sobre nosotros Sobre nosotros Auto Taxis Modelares Dianenses Lda, socio de Alentejo Transfers, es una empresa de transporte de taxis y agencia de viajes y turismo. Compuesta por veh\u00edculos de lujo, fundada y con sede en \u00c9vora desde 1989. Nuestro objetivo principal es proporcionar un excelente servicio que se adapta a las necesidades de cada [&hellip;]<\/p>\n","protected":false},"author":1,"featured_media":0,"parent":0,"menu_order":2,"comment_status":"closed","ping_status":"closed","template":"","meta":{"footnotes":""},"class_list":["post-869","page","type-page","status-publish","hentry","has-post-title","has-post-date","has-post-category","has-post-tag","has-post-comment","has-post-author",""],"yoast_head":"<title>Alentejo Traslados - \u00c9vora T\u00e1xis | Tours | Nosotros<\/title>\n<meta name=\"description\" content=\"Sobre nosotros. Auto Taxis Modelares Dianenses Ltd es una empresa de transporte de taxi, que tiene coches de lujo, fundada y con sede en \u00c9vora desde 1989.\" \/>\n<meta name=\"robots\" content=\"index, follow, max-snippet:-1, max-image-preview:large, max-video-preview:-1\" \/>\n<link rel=\"canonical\" href=\"https:\/\/www.alentejotransfers.com\/sobre-nos\/\" \/>\n<meta property=\"og:locale\" content=\"es_ES\" \/>\n<meta property=\"og:type\" content=\"article\" \/>\n<meta property=\"og:title\" content=\"Alentejo Traslados - \u00c9vora T\u00e1xis | Tours | Nosotros\" \/>\n<meta property=\"og:description\" content=\"Sobre nosotros. Auto Taxis Modelares Dianenses Ltd es una empresa de transporte de taxi, que tiene coches de lujo, fundada y con sede en \u00c9vora desde 1989.\" \/>\n<meta property=\"og:url\" content=\"https:\/\/www.alentejotransfers.com\/sobre-nos\/\" \/>\n<meta property=\"og:site_name\" content=\"alentejo transfers\" \/>\n<meta property=\"article:modified_time\" content=\"2026-01-20T17:56:52+00:00\" \/>\n<meta name=\"twitter:card\" content=\"summary_large_image\" \/>\n<meta name=\"twitter:label1\" content=\"Tiempo de lectura\" \/>\n\t<meta name=\"twitter:data1\" content=\"1 minuto\" \/>\n<script type=\"application\/ld+json\" class=\"yoast-schema-graph\">{\"@context\":\"https:\/\/schema.org\",\"@graph\":[{\"@type\":\"WebPage\",\"@id\":\"https:\/\/www.alentejotransfers.com\/sobre-nos\/\",\"url\":\"https:\/\/www.alentejotransfers.com\/sobre-nos\/\",\"name\":\"Alentejo Traslados - \u00c9vora T\u00e1xis | Tours | Nosotros\",\"isPartOf\":{\"@id\":\"https:\/\/www.alentejotransfers.com\/#website\"},\"datePublished\":\"2023-08-22T11:49:13+00:00\",\"dateModified\":\"2026-01-20T17:56:52+00:00\",\"description\":\"Sobre nosotros. Auto Taxis Modelares Dianenses Ltd es una empresa de transporte de taxi, que tiene coches de lujo, fundada y con sede en \u00c9vora desde 1989.\",\"breadcrumb\":{\"@id\":\"https:\/\/www.alentejotransfers.com\/sobre-nos\/#breadcrumb\"},\"inLanguage\":\"es\",\"potentialAction\":[{\"@type\":\"ReadAction\",\"target\":[\"https:\/\/www.alentejotransfers.com\/sobre-nos\/\"]}]},{\"@type\":\"BreadcrumbList\",\"@id\":\"https:\/\/www.alentejotransfers.com\/sobre-nos\/#breadcrumb\",\"itemListElement\":[{\"@type\":\"ListItem\",\"position\":1,\"name\":\"In\u00edcio\",\"item\":\"https:\/\/www.alentejotransfers.com\/es\/\"},{\"@type\":\"ListItem\",\"position\":2,\"name\":\"Sobre nosotros\"}]},{\"@type\":\"WebSite\",\"@id\":\"https:\/\/www.alentejotransfers.com\/#website\",\"url\":\"https:\/\/www.alentejotransfers.com\/\",\"name\":\"alentejo transfers\",\"description\":\"alentejo transfers\",\"potentialAction\":[{\"@type\":\"SearchAction\",\"target\":{\"@type\":\"EntryPoint\",\"urlTemplate\":\"https:\/\/www.alentejotransfers.com\/?s={search_term_string}\"},\"query-input\":{\"@type\":\"PropertyValueSpecification\",\"valueRequired\":true,\"valueName\":\"search_term_string\"}}],\"inLanguage\":\"es\"}]}<\/script>","yoast_head_json":{"title":"Alentejo Traslados - \u00c9vora T\u00e1xis | Tours | Nosotros","description":"Sobre nosotros. Auto Taxis Modelares Dianenses Ltd es una empresa de transporte de taxi, que tiene coches de lujo, fundada y con sede en \u00c9vora desde 1989.","robots":{"index":"index","follow":"follow","max-snippet":"max-snippet:-1","max-image-preview":"max-image-preview:large","max-video-preview":"max-video-preview:-1"},"canonical":"https:\/\/www.alentejotransfers.com\/sobre-nos\/","og_locale":"es_ES","og_type":"article","og_title":"Alentejo Traslados - \u00c9vora T\u00e1xis | Tours | Nosotros","og_description":"Sobre nosotros. Auto Taxis Modelares Dianenses Ltd es una empresa de transporte de taxi, que tiene coches de lujo, fundada y con sede en \u00c9vora desde 1989.","og_url":"https:\/\/www.alentejotransfers.com\/sobre-nos\/","og_site_name":"alentejo transfers","article_modified_time":"2026-01-20T17:56:52+00:00","twitter_card":"summary_large_image","twitter_misc":{"Tiempo de lectura":"1 minuto"},"schema":{"@context":"https:\/\/schema.org","@graph":[{"@type":"WebPage","@id":"https:\/\/www.alentejotransfers.com\/sobre-nos\/","url":"https:\/\/www.alentejotransfers.com\/sobre-nos\/","name":"Alentejo Traslados - \u00c9vora T\u00e1xis | Tours | Nosotros","isPartOf":{"@id":"https:\/\/www.alentejotransfers.com\/#website"},"datePublished":"2023-08-22T11:49:13+00:00","dateModified":"2026-01-20T17:56:52+00:00","description":"Sobre nosotros. Auto Taxis Modelares Dianenses Ltd es una empresa de transporte de taxi, que tiene coches de lujo, fundada y con sede en \u00c9vora desde 1989.","breadcrumb":{"@id":"https:\/\/www.alentejotransfers.com\/sobre-nos\/#breadcrumb"},"inLanguage":"es","potentialAction":[{"@type":"ReadAction","target":["https:\/\/www.alentejotransfers.com\/sobre-nos\/"]}]},{"@type":"BreadcrumbList","@id":"https:\/\/www.alentejotransfers.com\/sobre-nos\/#breadcrumb","itemListElement":[{"@type":"ListItem","position":1,"name":"In\u00edcio","item":"https:\/\/www.alentejotransfers.com\/es\/"},{"@type":"ListItem","position":2,"name":"Sobre nosotros"}]},{"@type":"WebSite","@id":"https:\/\/www.alentejotransfers.com\/#website","url":"https:\/\/www.alentejotransfers.com\/","name":"alentejo transfers","description":"alentejo transfers","potentialAction":[{"@type":"SearchAction","target":{"@type":"EntryPoint","urlTemplate":"https:\/\/www.alentejotransfers.com\/?s={search_term_string}"},"query-input":{"@type":"PropertyValueSpecification","valueRequired":true,"valueName":"search_term_string"}}],"inLanguage":"es"}]}},"_links":{"self":[{"href":"https:\/\/www.alentejotransfers.com\/es\/wp-json\/wp\/v2\/pages\/869","targetHints":{"allow":["GET"]}}],"collection":[{"href":"https:\/\/www.alentejotransfers.com\/es\/wp-json\/wp\/v2\/pages"}],"about":[{"href":"https:\/\/www.alentejotransfers.com\/es\/wp-json\/wp\/v2\/types\/page"}],"author":[{"embeddable":true,"href":"https:\/\/www.alentejotransfers.com\/es\/wp-json\/wp\/v2\/users\/1"}],"replies":[{"embeddable":true,"href":"https:\/\/www.alentejotransfers.com\/es\/wp-json\/wp\/v2\/comments?post=869"}],"version-history":[{"count":6,"href":"https:\/\/www.alentejotransfers.com\/es\/wp-json\/wp\/v2\/pages\/869\/revisions"}],"predecessor-version":[{"id":1150,"href":"https:\/\/www.alentejotransfers.com\/es\/wp-json\/wp\/v2\/pages\/869\/revisions\/1150"}],"wp:attachment":[{"href":"https:\/\/www.alentejotransfers.com\/es\/wp-json\/wp\/v2\/media?parent=869"}],"curies":[{"name":"wp","href":"https:\/\/api.w.org\/{rel}","templated":true}]}}