{"id":828,"date":"2023-08-23T13:28:08","date_gmt":"2023-08-23T13:28:08","guid":{"rendered":"https:\/\/www.alentejotransfers.com\/services\/transfers\/"},"modified":"2026-01-19T17:55:13","modified_gmt":"2026-01-19T17:55:13","slug":"transfers","status":"publish","type":"page","link":"https:\/\/www.alentejotransfers.com\/en\/services\/transfers\/","title":{"rendered":"Transfers"},"content":{"rendered":"<!--themify_builder_content-->\n<div id=\"themify_builder_content-828\" data-postid=\"828\" class=\"themify_builder_content themify_builder_content-828 themify_builder tf_clear\">\n    \t\t\t\t<!-- module_row -->\n\t\t<div  data-parallax-bg=\"desktop\" data-lazy=\"1\" class=\"module_row themify_builder_row wrapblock1 tb_m6m2754 tb_first tf_w tf_clearfix hide-tablet hide-mobile\">\n\t\t<div class=\"builder_row_cover tf_abs\"><\/div>\t\t\t<div class=\"row_inner col_align_top tb_col_count_1 tf_box tf_rel\">\n\t\t\t\t\t<div  data-lazy=\"1\" class=\"module_column tb-column col-full tb_fw77755 first\">\n\t\t\t\t\t\t\t\t\t<div class=\"tb-column-inner tf_box tf_w\">\n\t\t\t\t<!-- module fancy heading -->\n<div  class=\"module module-fancy-heading tb_lzwa504 \" data-lazy=\"1\">\n\t    <h1 class=\"fancy-heading tf_textc\">\n    <span class=\"main-head tf_block\">\n\t\t\t\t\tTransfers\t\t    <\/span>\n\n\t\t\t<span class=\"tb_fancy_heading_icon_wrap tf_block\">\n\t\t\t<span class=\"tb_fancy_heading_border tf_rel\"><\/span>\t\t\t<span class=\"tb_fancy_heading_icon\">\n\t\t\t\t\t\t\t\t\t<em style=\"color: #ffffff\"><svg  class=\"tf_fa tf-ti-more-alt\" aria-hidden=\"true\"><use href=\"#tf-ti-more-alt\"><\/use><\/svg><\/em>\n\t\t\t\t\t\t\t<\/span>\n\t\t\t<span class=\"tb_fancy_heading_border tf_rel\"><\/span>\t\t<\/span>\n\t\n    <span class=\"sub-head tf_block tf_rel\">\n\t\t\t\t\t\t\t    <\/span>\n    <\/h1>\n<\/div>\n<!-- \/module fancy heading -->\n\t\t\t\t<\/div><!-- .tb-column-inner -->\n\t\t\t\t\t\t<\/div><!-- .module_column -->\n\t\t\t\t\t\t<\/div><!-- .row_inner -->\n\t\t<\/div><!-- .module_row -->\n\t\t\t\t\t\t\t\t<!-- module_row -->\n\t\t<div  data-parallax-bg=\"desktop\" data-lazy=\"1\" class=\"module_row themify_builder_row wrapblock1 tb_edww282 tf_w tf_clearfix hide-desktop hide-tablet_landscape\">\n\t\t<div class=\"builder_row_cover tf_abs\"><\/div>\t\t\t<div class=\"row_inner col_align_top tb_col_count_1 tf_box tf_rel\">\n\t\t\t\t\t<div  data-lazy=\"1\" class=\"module_column tb-column col-full tb_77q8282 first\">\n\t\t\t\t\t\t\t\t\t<div class=\"tb-column-inner tf_box tf_w\">\n\t\t\t\t<!-- module fancy heading -->\n<div  class=\"module module-fancy-heading tb_iak6282 \" data-lazy=\"1\">\n\t    <h1 class=\"fancy-heading tf_textc\">\n    <span class=\"main-head tf_block\">\n\t\t\t\t\tTransfers\t\t    <\/span>\n\n\t\t\t<span class=\"tb_fancy_heading_icon_wrap tf_block\">\n\t\t\t<span class=\"tb_fancy_heading_border tf_rel\"><\/span>\t\t\t<span class=\"tb_fancy_heading_icon\">\n\t\t\t\t\t\t\t\t\t<em style=\"color: #ffffff\"><svg  class=\"tf_fa tf-ti-more-alt\" aria-hidden=\"true\"><use href=\"#tf-ti-more-alt\"><\/use><\/svg><\/em>\n\t\t\t\t\t\t\t<\/span>\n\t\t\t<span class=\"tb_fancy_heading_border tf_rel\"><\/span>\t\t<\/span>\n\t\n    <span class=\"sub-head tf_block tf_rel\">\n\t\t\t\t\tSeguran\u00e7a m\u00e1xima, conforto absoluto\t\t    <\/span>\n    <\/h1>\n<\/div>\n<!-- \/module fancy heading -->\n\t\t\t\t<\/div><!-- .tb-column-inner -->\n\t\t\t\t\t\t<\/div><!-- .module_column -->\n\t\t\t\t\t\t<\/div><!-- .row_inner -->\n\t\t<\/div><!-- .module_row -->\n\t\t\t\t\t\t\t\t<!-- module_row -->\n\t\t<div  data-lazy=\"1\" class=\"module_row themify_builder_row wrapblock2 tb_ced2336 tf_w tf_clearfix\">\n\t\t\t\t\t<div class=\"row_inner col_align_top tb_col_count_2 tf_box tf_rel\">\n\t\t\t\t\t<div  data-lazy=\"1\" class=\"module_column tb-column col4-3 tb_ey0l336 first\">\n\t\t\t\t\t\t\t\t\t<div class=\"tb-column-inner tf_box tf_w\">\n\t\t\t\t<!-- module fancy heading -->\n<div  class=\"module module-fancy-heading tb_0rkj100 \" data-lazy=\"1\">\n\t    <h2 class=\"fancy-heading tf_textc\">\n    <span class=\"main-head tf_block\">\n\t\t\t\t\tTransfers\t\t    <\/span>\n\n\t\t\t<span class=\"tb_fancy_heading_icon_wrap tf_block\">\n\t\t\t<span class=\"tb_fancy_heading_border tf_rel\"><\/span>\t\t\t<span class=\"tb_fancy_heading_icon\">\n\t\t\t\t\t\t\t\t\t<em style=\"color: #676767\"><svg  class=\"tf_fa tf-ti-more-alt\" aria-hidden=\"true\"><use href=\"#tf-ti-more-alt\"><\/use><\/svg><\/em>\n\t\t\t\t\t\t\t<\/span>\n\t\t\t<span class=\"tb_fancy_heading_border tf_rel\"><\/span>\t\t<\/span>\n\t\n    <span class=\"sub-head tf_block tf_rel\">\n\t\t\t\t\t\t\t    <\/span>\n    <\/h2>\n<\/div>\n<!-- \/module fancy heading -->\n<!-- module text -->\n<div  class=\"module module-text tb_pnnm489 pagegentxt  \" data-lazy=\"1\">\n        <div  class=\"tb_text_wrap\">\n    <p>Auto T\u00e1xis Modelares Dianeses company delivers any kind of top quality travels with the most secrecy and professionalism, in either long or short term distances. Departure\/arrival to aeroports (national or international), ship cruises terminals and bus\/train stations.<\/p>\n<p>Hotel to hotel transfers to be consulted. Auto T\u00e1xis Modelares Dianenses is situated in Evora, in the region of Alentejo, whenever is it our travel.<\/p>\n    <\/div>\n<\/div>\n<!-- \/module text --><!-- module fancy heading -->\n<div  class=\"module module-fancy-heading tb_l9fz117 endp\" data-lazy=\"1\">\n\t    <h3 class=\"fancy-heading tf_textc\">\n    <span class=\"main-head tf_block\">\n\t\t\t\t\t\t\t    <\/span>\n\n\t\t\t<span class=\"tb_fancy_heading_icon_wrap tf_block\">\n\t\t\t<span class=\"tb_fancy_heading_border tf_rel\"><\/span>\t\t\t<span class=\"tb_fancy_heading_icon\">\n\t\t\t\t\t\t\t\t\t<em style=\"color: #676767\"><svg  class=\"tf_fa tf-ti-more-alt\" aria-hidden=\"true\"><use href=\"#tf-ti-more-alt\"><\/use><\/svg><\/em>\n\t\t\t\t\t\t\t<\/span>\n\t\t\t<span class=\"tb_fancy_heading_border tf_rel\"><\/span>\t\t<\/span>\n\t\n    <span class=\"sub-head tf_block tf_rel\">\n\t\t\t\t\t\t\t    <\/span>\n    <\/h3>\n<\/div>\n<!-- \/module fancy heading -->\n\t\t\t\t<\/div><!-- .tb-column-inner -->\n\t\t\t\t\t\t<\/div><!-- .module_column -->\n\t\t\t\t\t<div  data-lazy=\"1\" class=\"module_column tb-column col4-1 tb_4b5o575 servicosbg last\">\n\t\t\t\t\t\t\t\t\t<div class=\"tb-column-inner tf_box tf_w\">\n\t\t\t\t<!-- module widgetized -->\n<div  class=\"module module-widgetized tb_20fv182  \" data-lazy=\"1\">\n    <div id=\"nav_menu-2\" class=\"widget widget_nav_menu\"><h4 class=\"widgettitle\">Our Services<\/h4><div class=\"menu-servicesen-container\"><ul id=\"menu-servicesen\" class=\"menu\"><li id=\"menu-item-854\" class=\"menu-item menu-item-type-post_type menu-item-object-page menu-item-854\"><a href=\"https:\/\/www.alentejotransfers.com\/en\/services\/transfers\/\">Transfers<\/a><\/li>\n<li id=\"menu-item-855\" class=\"menu-item menu-item-type-post_type menu-item-object-page menu-item-855\"><a href=\"https:\/\/www.alentejotransfers.com\/en\/services\/tours\/\">Tours<\/a><\/li>\n<li id=\"menu-item-856\" class=\"menu-item menu-item-type-post_type menu-item-object-page menu-item-856\"><a href=\"https:\/\/www.alentejotransfers.com\/en\/services\/wine-tourism\/\">Wine tourism<\/a><\/li>\n<li id=\"menu-item-857\" class=\"menu-item menu-item-type-post_type menu-item-object-page menu-item-857\"><a href=\"https:\/\/www.alentejotransfers.com\/en\/services\/partners\/\">Partners<\/a><\/li>\n<\/ul><\/div><\/div>\r\n\t\t <h3 class=\"widgettitle\">Join us on Facebook<\/h3> \t\t<div id=\"fb-root\"><\/div>\r\n\t\t<script>(function (d, s, id) {\r\n                var js, fjs = d.getElementsByTagName(s)[0];\r\n                if (d.getElementById(id)) {\r\n                    return;\r\n                }\r\n                js = d.createElement(s);\r\n                js.id = id;\r\n                js.src = \"\/\/connect.facebook.net\/en_US\/all.js#xfbml=1\";\r\n                fjs.parentNode.insertBefore(js, fjs);\r\n            }(document, 'script', 'facebook-jssdk'));<\/script>\r\n\t\t<div class=\"fb-like-box\" data-href=\"https:\/\/www.facebook.com\/Auto-Taxis-Modelares-Dianenses-Lda-385768248121108\/\"\r\n\t\t\t data-colorscheme=\"light\"\r\n\t\t\t data-show-faces=\"false\"\r\n\t\t\t data-stream=\"false\"\r\n\t\t\t data-header=\"true\"\r\n\t\t\t data-border-color=\"\">\r\n\t\t<\/div>\r\n\r\n\t\t<\/div>\n<!-- \/module widgetized -->\t\t\t\t<\/div><!-- .tb-column-inner -->\n\t\t\t\t\t\t<\/div><!-- .module_column -->\n\t\t\t\t\t\t<\/div><!-- .row_inner -->\n\t\t<\/div><!-- .module_row -->\n\t\t\t\t<\/div>\n<!--\/themify_builder_content-->","protected":false},"excerpt":{"rendered":"<p>Transfers TransfersSeguran\u00e7a m\u00e1xima, conforto absoluto Transfers Auto T\u00e1xis Modelares Dianeses company delivers any kind of top quality travels with the most secrecy and professionalism, in either long or short term distances. Departure\/arrival to aeroports (national or international), ship cruises terminals and bus\/train stations. Hotel to hotel transfers to be consulted. Auto T\u00e1xis Modelares Dianenses is [&hellip;]<\/p>\n","protected":false},"author":1,"featured_media":0,"parent":825,"menu_order":1,"comment_status":"closed","ping_status":"closed","template":"","meta":{"footnotes":""},"class_list":["post-828","page","type-page","status-publish","hentry","has-post-title","has-post-date","has-post-category","has-post-tag","has-post-comment","has-post-author",""],"yoast_head":"<title>Alentejo Transfers - \u00c9vora T\u00e1xis | Transfer | Tours<\/title>\n<meta name=\"description\" content=\"Transfers from Lisbon Airport to \u00c9vora. Transportation services from Lisbon airport to \u00c9vora. Tranfers and private tours in Alentejo - \u00c9vora.\" \/>\n<meta name=\"robots\" content=\"index, follow, max-snippet:-1, max-image-preview:large, max-video-preview:-1\" \/>\n<link rel=\"canonical\" href=\"https:\/\/www.alentejotransfers.com\/en\/services\/transfers\/\" \/>\n<meta property=\"og:locale\" content=\"en_US\" \/>\n<meta property=\"og:type\" content=\"article\" \/>\n<meta property=\"og:title\" content=\"Alentejo Transfers - \u00c9vora T\u00e1xis | Transfer | Tours\" \/>\n<meta property=\"og:description\" content=\"Transfers from Lisbon Airport to \u00c9vora. Transportation services from Lisbon airport to \u00c9vora. Tranfers and private tours in Alentejo - \u00c9vora.\" \/>\n<meta property=\"og:url\" content=\"https:\/\/www.alentejotransfers.com\/en\/services\/transfers\/\" \/>\n<meta property=\"og:site_name\" content=\"alentejo transfers\" \/>\n<meta property=\"article:modified_time\" content=\"2026-01-19T17:55:13+00:00\" \/>\n<meta name=\"twitter:card\" content=\"summary_large_image\" \/>\n<script type=\"application\/ld+json\" class=\"yoast-schema-graph\">{\"@context\":\"https:\/\/schema.org\",\"@graph\":[{\"@type\":\"WebPage\",\"@id\":\"https:\/\/www.alentejotransfers.com\/en\/services\/transfers\/\",\"url\":\"https:\/\/www.alentejotransfers.com\/en\/services\/transfers\/\",\"name\":\"Alentejo Transfers - \u00c9vora T\u00e1xis | Transfer | Tours\",\"isPartOf\":{\"@id\":\"https:\/\/www.alentejotransfers.com\/#website\"},\"datePublished\":\"2023-08-23T13:28:08+00:00\",\"dateModified\":\"2026-01-19T17:55:13+00:00\",\"description\":\"Transfers from Lisbon Airport to \u00c9vora. Transportation services from Lisbon airport to \u00c9vora. Tranfers and private tours in Alentejo - \u00c9vora.\",\"breadcrumb\":{\"@id\":\"https:\/\/www.alentejotransfers.com\/en\/services\/transfers\/#breadcrumb\"},\"inLanguage\":\"en-US\",\"potentialAction\":[{\"@type\":\"ReadAction\",\"target\":[\"https:\/\/www.alentejotransfers.com\/en\/services\/transfers\/\"]}]},{\"@type\":\"BreadcrumbList\",\"@id\":\"https:\/\/www.alentejotransfers.com\/en\/services\/transfers\/#breadcrumb\",\"itemListElement\":[{\"@type\":\"ListItem\",\"position\":1,\"name\":\"In\u00edcio\",\"item\":\"https:\/\/www.alentejotransfers.com\/en\/\"},{\"@type\":\"ListItem\",\"position\":2,\"name\":\"Services\",\"item\":\"https:\/\/www.alentejotransfers.com\/en\/services\/\"},{\"@type\":\"ListItem\",\"position\":3,\"name\":\"Transfers\"}]},{\"@type\":\"WebSite\",\"@id\":\"https:\/\/www.alentejotransfers.com\/#website\",\"url\":\"https:\/\/www.alentejotransfers.com\/\",\"name\":\"alentejo transfers\",\"description\":\"alentejo transfers\",\"potentialAction\":[{\"@type\":\"SearchAction\",\"target\":{\"@type\":\"EntryPoint\",\"urlTemplate\":\"https:\/\/www.alentejotransfers.com\/?s={search_term_string}\"},\"query-input\":{\"@type\":\"PropertyValueSpecification\",\"valueRequired\":true,\"valueName\":\"search_term_string\"}}],\"inLanguage\":\"en-US\"}]}<\/script>","yoast_head_json":{"title":"Alentejo Transfers - \u00c9vora T\u00e1xis | Transfer | Tours","description":"Transfers from Lisbon Airport to \u00c9vora. Transportation services from Lisbon airport to \u00c9vora. Tranfers and private tours in Alentejo - \u00c9vora.","robots":{"index":"index","follow":"follow","max-snippet":"max-snippet:-1","max-image-preview":"max-image-preview:large","max-video-preview":"max-video-preview:-1"},"canonical":"https:\/\/www.alentejotransfers.com\/en\/services\/transfers\/","og_locale":"en_US","og_type":"article","og_title":"Alentejo Transfers - \u00c9vora T\u00e1xis | Transfer | Tours","og_description":"Transfers from Lisbon Airport to \u00c9vora. Transportation services from Lisbon airport to \u00c9vora. Tranfers and private tours in Alentejo - \u00c9vora.","og_url":"https:\/\/www.alentejotransfers.com\/en\/services\/transfers\/","og_site_name":"alentejo transfers","article_modified_time":"2026-01-19T17:55:13+00:00","twitter_card":"summary_large_image","schema":{"@context":"https:\/\/schema.org","@graph":[{"@type":"WebPage","@id":"https:\/\/www.alentejotransfers.com\/en\/services\/transfers\/","url":"https:\/\/www.alentejotransfers.com\/en\/services\/transfers\/","name":"Alentejo Transfers - \u00c9vora T\u00e1xis | Transfer | Tours","isPartOf":{"@id":"https:\/\/www.alentejotransfers.com\/#website"},"datePublished":"2023-08-23T13:28:08+00:00","dateModified":"2026-01-19T17:55:13+00:00","description":"Transfers from Lisbon Airport to \u00c9vora. Transportation services from Lisbon airport to \u00c9vora. Tranfers and private tours in Alentejo - \u00c9vora.","breadcrumb":{"@id":"https:\/\/www.alentejotransfers.com\/en\/services\/transfers\/#breadcrumb"},"inLanguage":"en-US","potentialAction":[{"@type":"ReadAction","target":["https:\/\/www.alentejotransfers.com\/en\/services\/transfers\/"]}]},{"@type":"BreadcrumbList","@id":"https:\/\/www.alentejotransfers.com\/en\/services\/transfers\/#breadcrumb","itemListElement":[{"@type":"ListItem","position":1,"name":"In\u00edcio","item":"https:\/\/www.alentejotransfers.com\/en\/"},{"@type":"ListItem","position":2,"name":"Services","item":"https:\/\/www.alentejotransfers.com\/en\/services\/"},{"@type":"ListItem","position":3,"name":"Transfers"}]},{"@type":"WebSite","@id":"https:\/\/www.alentejotransfers.com\/#website","url":"https:\/\/www.alentejotransfers.com\/","name":"alentejo transfers","description":"alentejo transfers","potentialAction":[{"@type":"SearchAction","target":{"@type":"EntryPoint","urlTemplate":"https:\/\/www.alentejotransfers.com\/?s={search_term_string}"},"query-input":{"@type":"PropertyValueSpecification","valueRequired":true,"valueName":"search_term_string"}}],"inLanguage":"en-US"}]}},"_links":{"self":[{"href":"https:\/\/www.alentejotransfers.com\/en\/wp-json\/wp\/v2\/pages\/828","targetHints":{"allow":["GET"]}}],"collection":[{"href":"https:\/\/www.alentejotransfers.com\/en\/wp-json\/wp\/v2\/pages"}],"about":[{"href":"https:\/\/www.alentejotransfers.com\/en\/wp-json\/wp\/v2\/types\/page"}],"author":[{"embeddable":true,"href":"https:\/\/www.alentejotransfers.com\/en\/wp-json\/wp\/v2\/users\/1"}],"replies":[{"embeddable":true,"href":"https:\/\/www.alentejotransfers.com\/en\/wp-json\/wp\/v2\/comments?post=828"}],"version-history":[{"count":3,"href":"https:\/\/www.alentejotransfers.com\/en\/wp-json\/wp\/v2\/pages\/828\/revisions"}],"predecessor-version":[{"id":1070,"href":"https:\/\/www.alentejotransfers.com\/en\/wp-json\/wp\/v2\/pages\/828\/revisions\/1070"}],"up":[{"embeddable":true,"href":"https:\/\/www.alentejotransfers.com\/en\/wp-json\/wp\/v2\/pages\/825"}],"wp:attachment":[{"href":"https:\/\/www.alentejotransfers.com\/en\/wp-json\/wp\/v2\/media?parent=828"}],"curies":[{"name":"wp","href":"https:\/\/api.w.org\/{rel}","templated":true}]}}